{"id":11043,"date":"2021-01-29T21:59:24","date_gmt":"2022-11-08T11:13:25","guid":{"rendered":"https:\/\/www.difagri.fr\/?post_type=product&#038;p=11043"},"modified":"2022-11-08T12:13:26","modified_gmt":"2022-11-08T11:13:26","slug":"nourivo","status":"publish","type":"product","link":"https:\/\/www.difagri.fr\/es\/produit\/nourivo\/","title":{"rendered":"NOURIVO"},"content":{"rendered":"<p>Mejora la recuperaci\u00f3n y la hidrataci\u00f3n de animales j\u00f3venes tras la diarrea.<\/p>\n","protected":false},"excerpt":{"rendered":"<p>Mejora la recuperaci\u00f3n y la hidrataci\u00f3n de animales j\u00f3venes tras la diarrea.<\/p>\n","protected":false},"featured_media":10803,"comment_status":"open","ping_status":"closed","template":"","meta":{"_acf_changed":false},"besoin":[215],"famille":[226],"presentation":[234],"uab":[],"product_brand":[],"product_cat":[199,200,204,205],"product_tag":[],"class_list":{"0":"post-11043","1":"product","2":"type-product","3":"status-publish","4":"has-post-thumbnail","6":"besoin-primera-edad","7":"famille-especialidades-para-recien-nacidos","8":"presentation-polvos","9":"product_cat-ganado-vacuno","10":"product_cat-cabras","11":"product_cat-ovejas","12":"product_cat-cerdos","14":"first","15":"instock","16":"shipping-taxable","17":"product-type-simple"},"acf":[],"yoast_head":"<!-- This site is optimized with the Yoast SEO plugin v27.5 - https:\/\/yoast.com\/product\/yoast-seo-wordpress\/ -->\n<title>NOURIVO - Difagri<\/title>\n<meta name=\"description\" content=\"Mejora la recuperaci\u00f3n y la hidrataci\u00f3n de animales j\u00f3venes tras la diarrea.\" \/>\n<meta name=\"robots\" content=\"index, follow, max-snippet:-1, max-image-preview:large, max-video-preview:-1\" \/>\n<link rel=\"canonical\" href=\"https:\/\/www.difagri.fr\/es\/produit\/nourivo\/\" \/>\n<meta property=\"og:locale\" content=\"es_ES\" \/>\n<meta property=\"og:type\" content=\"article\" \/>\n<meta property=\"og:title\" content=\"NOURIVO - Difagri\" \/>\n<meta property=\"og:description\" content=\"Mejora la recuperaci\u00f3n y la hidrataci\u00f3n de animales j\u00f3venes tras la diarrea.\" \/>\n<meta property=\"og:url\" content=\"https:\/\/www.difagri.fr\/es\/produit\/nourivo\/\" \/>\n<meta property=\"og:site_name\" content=\"Difagri\" \/>\n<meta property=\"article:modified_time\" content=\"2022-11-08T11:13:26+00:00\" \/>\n<meta property=\"og:image\" content=\"https:\/\/www.difagri.fr\/wp-content\/uploads\/2021\/01\/NOURIVO-1.png\" \/>\n\t<meta property=\"og:image:width\" content=\"2500\" \/>\n\t<meta property=\"og:image:height\" content=\"2500\" \/>\n\t<meta property=\"og:image:type\" content=\"image\/png\" \/>\n<meta name=\"twitter:card\" content=\"summary_large_image\" \/>\n<meta name=\"twitter:label1\" content=\"Tiempo de lectura\" \/>\n\t<meta name=\"twitter:data1\" content=\"1 minuto\" \/>\n<script type=\"application\/ld+json\" class=\"yoast-schema-graph\">{\"@context\":\"https:\\\/\\\/schema.org\",\"@graph\":[{\"@type\":\"WebPage\",\"@id\":\"https:\\\/\\\/www.difagri.fr\\\/es\\\/produit\\\/nourivo\\\/\",\"url\":\"https:\\\/\\\/www.difagri.fr\\\/es\\\/produit\\\/nourivo\\\/\",\"name\":\"NOURIVO - Difagri\",\"isPartOf\":{\"@id\":\"https:\\\/\\\/www.difagri.fr\\\/es\\\/#website\"},\"primaryImageOfPage\":{\"@id\":\"https:\\\/\\\/www.difagri.fr\\\/es\\\/produit\\\/nourivo\\\/#primaryimage\"},\"image\":{\"@id\":\"https:\\\/\\\/www.difagri.fr\\\/es\\\/produit\\\/nourivo\\\/#primaryimage\"},\"thumbnailUrl\":\"https:\\\/\\\/www.difagri.fr\\\/wp-content\\\/uploads\\\/2021\\\/01\\\/NOURIVO-1.png\",\"datePublished\":\"2022-11-08T11:13:25+00:00\",\"dateModified\":\"2022-11-08T11:13:26+00:00\",\"description\":\"Mejora la recuperaci\u00f3n y la hidrataci\u00f3n de animales j\u00f3venes tras la diarrea.\",\"breadcrumb\":{\"@id\":\"https:\\\/\\\/www.difagri.fr\\\/es\\\/produit\\\/nourivo\\\/#breadcrumb\"},\"inLanguage\":\"es\",\"potentialAction\":[{\"@type\":\"ReadAction\",\"target\":[\"https:\\\/\\\/www.difagri.fr\\\/es\\\/produit\\\/nourivo\\\/\"]}]},{\"@type\":\"ImageObject\",\"inLanguage\":\"es\",\"@id\":\"https:\\\/\\\/www.difagri.fr\\\/es\\\/produit\\\/nourivo\\\/#primaryimage\",\"url\":\"https:\\\/\\\/www.difagri.fr\\\/wp-content\\\/uploads\\\/2021\\\/01\\\/NOURIVO-1.png\",\"contentUrl\":\"https:\\\/\\\/www.difagri.fr\\\/wp-content\\\/uploads\\\/2021\\\/01\\\/NOURIVO-1.png\",\"width\":2500,\"height\":2500},{\"@type\":\"BreadcrumbList\",\"@id\":\"https:\\\/\\\/www.difagri.fr\\\/es\\\/produit\\\/nourivo\\\/#breadcrumb\",\"itemListElement\":[{\"@type\":\"ListItem\",\"position\":1,\"name\":\"Accueil\",\"item\":\"https:\\\/\\\/www.difagri.fr\\\/es\\\/\"},{\"@type\":\"ListItem\",\"position\":2,\"name\":\"Tienda\",\"item\":\"https:\\\/\\\/www.difagri.fr\\\/es\\\/tienda\\\/\"},{\"@type\":\"ListItem\",\"position\":3,\"name\":\"NOURIVO\"}]},{\"@type\":\"WebSite\",\"@id\":\"https:\\\/\\\/www.difagri.fr\\\/es\\\/#website\",\"url\":\"https:\\\/\\\/www.difagri.fr\\\/es\\\/\",\"name\":\"Difagri\",\"description\":\"\",\"publisher\":{\"@id\":\"https:\\\/\\\/www.difagri.fr\\\/es\\\/#organization\"},\"potentialAction\":[{\"@type\":\"SearchAction\",\"target\":{\"@type\":\"EntryPoint\",\"urlTemplate\":\"https:\\\/\\\/www.difagri.fr\\\/es\\\/?s={search_term_string}\"},\"query-input\":{\"@type\":\"PropertyValueSpecification\",\"valueRequired\":true,\"valueName\":\"search_term_string\"}}],\"inLanguage\":\"es\"},{\"@type\":\"Organization\",\"@id\":\"https:\\\/\\\/www.difagri.fr\\\/es\\\/#organization\",\"name\":\"Difagri\",\"url\":\"https:\\\/\\\/www.difagri.fr\\\/es\\\/\",\"logo\":{\"@type\":\"ImageObject\",\"inLanguage\":\"es\",\"@id\":\"https:\\\/\\\/www.difagri.fr\\\/es\\\/#\\\/schema\\\/logo\\\/image\\\/\",\"url\":\"https:\\\/\\\/www.difagri.fr\\\/wp-content\\\/uploads\\\/2025\\\/06\\\/cropped-difagri-sans-base-line-3.png\",\"contentUrl\":\"https:\\\/\\\/www.difagri.fr\\\/wp-content\\\/uploads\\\/2025\\\/06\\\/cropped-difagri-sans-base-line-3.png\",\"width\":227,\"height\":67,\"caption\":\"Difagri\"},\"image\":{\"@id\":\"https:\\\/\\\/www.difagri.fr\\\/es\\\/#\\\/schema\\\/logo\\\/image\\\/\"}}]}<\/script>\n<!-- \/ Yoast SEO plugin. -->","yoast_head_json":{"title":"NOURIVO - Difagri","description":"Mejora la recuperaci\u00f3n y la hidrataci\u00f3n de animales j\u00f3venes tras la diarrea.","robots":{"index":"index","follow":"follow","max-snippet":"max-snippet:-1","max-image-preview":"max-image-preview:large","max-video-preview":"max-video-preview:-1"},"canonical":"https:\/\/www.difagri.fr\/es\/produit\/nourivo\/","og_locale":"es_ES","og_type":"article","og_title":"NOURIVO - Difagri","og_description":"Mejora la recuperaci\u00f3n y la hidrataci\u00f3n de animales j\u00f3venes tras la diarrea.","og_url":"https:\/\/www.difagri.fr\/es\/produit\/nourivo\/","og_site_name":"Difagri","article_modified_time":"2022-11-08T11:13:26+00:00","og_image":[{"width":2500,"height":2500,"url":"https:\/\/www.difagri.fr\/wp-content\/uploads\/2021\/01\/NOURIVO-1.png","type":"image\/png"}],"twitter_card":"summary_large_image","twitter_misc":{"Tiempo de lectura":"1 minuto"},"schema":{"@context":"https:\/\/schema.org","@graph":[{"@type":"WebPage","@id":"https:\/\/www.difagri.fr\/es\/produit\/nourivo\/","url":"https:\/\/www.difagri.fr\/es\/produit\/nourivo\/","name":"NOURIVO - Difagri","isPartOf":{"@id":"https:\/\/www.difagri.fr\/es\/#website"},"primaryImageOfPage":{"@id":"https:\/\/www.difagri.fr\/es\/produit\/nourivo\/#primaryimage"},"image":{"@id":"https:\/\/www.difagri.fr\/es\/produit\/nourivo\/#primaryimage"},"thumbnailUrl":"https:\/\/www.difagri.fr\/wp-content\/uploads\/2021\/01\/NOURIVO-1.png","datePublished":"2022-11-08T11:13:25+00:00","dateModified":"2022-11-08T11:13:26+00:00","description":"Mejora la recuperaci\u00f3n y la hidrataci\u00f3n de animales j\u00f3venes tras la diarrea.","breadcrumb":{"@id":"https:\/\/www.difagri.fr\/es\/produit\/nourivo\/#breadcrumb"},"inLanguage":"es","potentialAction":[{"@type":"ReadAction","target":["https:\/\/www.difagri.fr\/es\/produit\/nourivo\/"]}]},{"@type":"ImageObject","inLanguage":"es","@id":"https:\/\/www.difagri.fr\/es\/produit\/nourivo\/#primaryimage","url":"https:\/\/www.difagri.fr\/wp-content\/uploads\/2021\/01\/NOURIVO-1.png","contentUrl":"https:\/\/www.difagri.fr\/wp-content\/uploads\/2021\/01\/NOURIVO-1.png","width":2500,"height":2500},{"@type":"BreadcrumbList","@id":"https:\/\/www.difagri.fr\/es\/produit\/nourivo\/#breadcrumb","itemListElement":[{"@type":"ListItem","position":1,"name":"Accueil","item":"https:\/\/www.difagri.fr\/es\/"},{"@type":"ListItem","position":2,"name":"Tienda","item":"https:\/\/www.difagri.fr\/es\/tienda\/"},{"@type":"ListItem","position":3,"name":"NOURIVO"}]},{"@type":"WebSite","@id":"https:\/\/www.difagri.fr\/es\/#website","url":"https:\/\/www.difagri.fr\/es\/","name":"Difagri","description":"","publisher":{"@id":"https:\/\/www.difagri.fr\/es\/#organization"},"potentialAction":[{"@type":"SearchAction","target":{"@type":"EntryPoint","urlTemplate":"https:\/\/www.difagri.fr\/es\/?s={search_term_string}"},"query-input":{"@type":"PropertyValueSpecification","valueRequired":true,"valueName":"search_term_string"}}],"inLanguage":"es"},{"@type":"Organization","@id":"https:\/\/www.difagri.fr\/es\/#organization","name":"Difagri","url":"https:\/\/www.difagri.fr\/es\/","logo":{"@type":"ImageObject","inLanguage":"es","@id":"https:\/\/www.difagri.fr\/es\/#\/schema\/logo\/image\/","url":"https:\/\/www.difagri.fr\/wp-content\/uploads\/2025\/06\/cropped-difagri-sans-base-line-3.png","contentUrl":"https:\/\/www.difagri.fr\/wp-content\/uploads\/2025\/06\/cropped-difagri-sans-base-line-3.png","width":227,"height":67,"caption":"Difagri"},"image":{"@id":"https:\/\/www.difagri.fr\/es\/#\/schema\/logo\/image\/"}}]}},"_links":{"self":[{"href":"https:\/\/www.difagri.fr\/es\/wp-json\/wp\/v2\/product\/11043","targetHints":{"allow":["GET"]}}],"collection":[{"href":"https:\/\/www.difagri.fr\/es\/wp-json\/wp\/v2\/product"}],"about":[{"href":"https:\/\/www.difagri.fr\/es\/wp-json\/wp\/v2\/types\/product"}],"replies":[{"embeddable":true,"href":"https:\/\/www.difagri.fr\/es\/wp-json\/wp\/v2\/comments?post=11043"}],"wp:featuredmedia":[{"embeddable":true,"href":"https:\/\/www.difagri.fr\/es\/wp-json\/wp\/v2\/media\/10803"}],"wp:attachment":[{"href":"https:\/\/www.difagri.fr\/es\/wp-json\/wp\/v2\/media?parent=11043"}],"wp:term":[{"taxonomy":"besoin","embeddable":true,"href":"https:\/\/www.difagri.fr\/es\/wp-json\/wp\/v2\/besoin?post=11043"},{"taxonomy":"famille","embeddable":true,"href":"https:\/\/www.difagri.fr\/es\/wp-json\/wp\/v2\/famille?post=11043"},{"taxonomy":"presentation","embeddable":true,"href":"https:\/\/www.difagri.fr\/es\/wp-json\/wp\/v2\/presentation?post=11043"},{"taxonomy":"uab","embeddable":true,"href":"https:\/\/www.difagri.fr\/es\/wp-json\/wp\/v2\/uab?post=11043"},{"taxonomy":"product_brand","embeddable":true,"href":"https:\/\/www.difagri.fr\/es\/wp-json\/wp\/v2\/product_brand?post=11043"},{"taxonomy":"product_cat","embeddable":true,"href":"https:\/\/www.difagri.fr\/es\/wp-json\/wp\/v2\/product_cat?post=11043"},{"taxonomy":"product_tag","embeddable":true,"href":"https:\/\/www.difagri.fr\/es\/wp-json\/wp\/v2\/product_tag?post=11043"}],"curies":[{"name":"wp","href":"https:\/\/api.w.org\/{rel}","templated":true}]}}