{"id":11038,"date":"2021-01-29T21:59:26","date_gmt":"2022-11-08T11:10:28","guid":{"rendered":"https:\/\/www.difagri.fr\/?post_type=product&#038;p=11038"},"modified":"2022-11-08T12:10:29","modified_gmt":"2022-11-08T11:10:29","slug":"difactiv-gesta-oligoplus","status":"publish","type":"product","link":"https:\/\/www.difagri.fr\/es\/produit\/difactiv-gesta-oligoplus\/","title":{"rendered":"DIF&#8217;ACTIV GESTA OLIGOPLUS"},"content":{"rendered":"<p>Equilibrio nutricional entre vitaminas y oligoelementos para vacas secas, vacas en lactaci\u00f3n y al final del per\u00edodo de gestaci\u00f3n.<\/p>\n","protected":false},"excerpt":{"rendered":"<p>Equilibrio nutricional entre vitaminas y oligoelementos para vacas secas, vacas en lactaci\u00f3n y al final del per\u00edodo de gestaci\u00f3n.<\/p>\n","protected":false},"featured_media":10767,"comment_status":"open","ping_status":"closed","template":"","meta":{"_acf_changed":false},"besoin":[219],"famille":[227],"presentation":[238],"uab":[240],"product_brand":[],"product_cat":[199],"product_tag":[],"class_list":{"0":"post-11038","1":"product","2":"type-product","3":"status-publish","4":"has-post-thumbnail","6":"besoin-secado","7":"famille-gama-bolos","8":"presentation-bolo","9":"uab-producto-utilizable-en-agricultura-biologica","10":"product_cat-ganado-vacuno","12":"first","13":"instock","14":"shipping-taxable","15":"product-type-simple"},"acf":[],"yoast_head":"<!-- This site is optimized with the Yoast SEO plugin v26.6 - https:\/\/yoast.com\/wordpress\/plugins\/seo\/ -->\n<title>DIF&#039;ACTIV GESTA OLIGOPLUS - Difagri<\/title>\n<meta name=\"description\" content=\"Equilibrio nutricional entre vitaminas y oligoelementos para vacas secas, vacas en lactaci\u00f3n y al final del per\u00edodo de gestaci\u00f3n.\" \/>\n<meta name=\"robots\" content=\"index, follow, max-snippet:-1, max-image-preview:large, max-video-preview:-1\" \/>\n<link rel=\"canonical\" href=\"https:\/\/www.difagri.fr\/es\/produit\/difactiv-gesta-oligoplus\/\" \/>\n<meta property=\"og:locale\" content=\"es_ES\" \/>\n<meta property=\"og:type\" content=\"article\" \/>\n<meta property=\"og:title\" content=\"DIF&#039;ACTIV GESTA OLIGOPLUS - Difagri\" \/>\n<meta property=\"og:description\" content=\"Equilibrio nutricional entre vitaminas y oligoelementos para vacas secas, vacas en lactaci\u00f3n y al final del per\u00edodo de gestaci\u00f3n.\" \/>\n<meta property=\"og:url\" content=\"https:\/\/www.difagri.fr\/es\/produit\/difactiv-gesta-oligoplus\/\" \/>\n<meta property=\"og:site_name\" content=\"Difagri\" \/>\n<meta property=\"article:modified_time\" content=\"2022-11-08T11:10:29+00:00\" \/>\n<meta property=\"og:image\" content=\"https:\/\/www.difagri.fr\/wp-content\/uploads\/2021\/01\/DIFACTIV-GESTA-OLIGOPLUS-3.png\" \/>\n\t<meta property=\"og:image:width\" content=\"2500\" \/>\n\t<meta property=\"og:image:height\" content=\"2500\" \/>\n\t<meta property=\"og:image:type\" content=\"image\/png\" \/>\n<meta name=\"twitter:card\" content=\"summary_large_image\" \/>\n<meta name=\"twitter:label1\" content=\"Tiempo de lectura\" \/>\n\t<meta name=\"twitter:data1\" content=\"1 minuto\" \/>\n<script type=\"application\/ld+json\" class=\"yoast-schema-graph\">{\"@context\":\"https:\/\/schema.org\",\"@graph\":[{\"@type\":\"WebPage\",\"@id\":\"https:\/\/www.difagri.fr\/es\/produit\/difactiv-gesta-oligoplus\/\",\"url\":\"https:\/\/www.difagri.fr\/es\/produit\/difactiv-gesta-oligoplus\/\",\"name\":\"DIF'ACTIV GESTA OLIGOPLUS - Difagri\",\"isPartOf\":{\"@id\":\"https:\/\/www.difagri.fr\/es\/#website\"},\"primaryImageOfPage\":{\"@id\":\"https:\/\/www.difagri.fr\/es\/produit\/difactiv-gesta-oligoplus\/#primaryimage\"},\"image\":{\"@id\":\"https:\/\/www.difagri.fr\/es\/produit\/difactiv-gesta-oligoplus\/#primaryimage\"},\"thumbnailUrl\":\"https:\/\/www.difagri.fr\/wp-content\/uploads\/2021\/01\/DIFACTIV-GESTA-OLIGOPLUS-3.png\",\"datePublished\":\"2022-11-08T11:10:28+00:00\",\"dateModified\":\"2022-11-08T11:10:29+00:00\",\"description\":\"Equilibrio nutricional entre vitaminas y oligoelementos para vacas secas, vacas en lactaci\u00f3n y al final del per\u00edodo de gestaci\u00f3n.\",\"breadcrumb\":{\"@id\":\"https:\/\/www.difagri.fr\/es\/produit\/difactiv-gesta-oligoplus\/#breadcrumb\"},\"inLanguage\":\"es\",\"potentialAction\":[{\"@type\":\"ReadAction\",\"target\":[\"https:\/\/www.difagri.fr\/es\/produit\/difactiv-gesta-oligoplus\/\"]}]},{\"@type\":\"ImageObject\",\"inLanguage\":\"es\",\"@id\":\"https:\/\/www.difagri.fr\/es\/produit\/difactiv-gesta-oligoplus\/#primaryimage\",\"url\":\"https:\/\/www.difagri.fr\/wp-content\/uploads\/2021\/01\/DIFACTIV-GESTA-OLIGOPLUS-3.png\",\"contentUrl\":\"https:\/\/www.difagri.fr\/wp-content\/uploads\/2021\/01\/DIFACTIV-GESTA-OLIGOPLUS-3.png\",\"width\":2500,\"height\":2500},{\"@type\":\"BreadcrumbList\",\"@id\":\"https:\/\/www.difagri.fr\/es\/produit\/difactiv-gesta-oligoplus\/#breadcrumb\",\"itemListElement\":[{\"@type\":\"ListItem\",\"position\":1,\"name\":\"Accueil\",\"item\":\"https:\/\/www.difagri.fr\/es\/\"},{\"@type\":\"ListItem\",\"position\":2,\"name\":\"Tienda\",\"item\":\"https:\/\/www.difagri.fr\/es\/tienda\/\"},{\"@type\":\"ListItem\",\"position\":3,\"name\":\"DIF&rsquo;ACTIV GESTA OLIGOPLUS\"}]},{\"@type\":\"WebSite\",\"@id\":\"https:\/\/www.difagri.fr\/es\/#website\",\"url\":\"https:\/\/www.difagri.fr\/es\/\",\"name\":\"Difagri\",\"description\":\"\",\"publisher\":{\"@id\":\"https:\/\/www.difagri.fr\/es\/#organization\"},\"potentialAction\":[{\"@type\":\"SearchAction\",\"target\":{\"@type\":\"EntryPoint\",\"urlTemplate\":\"https:\/\/www.difagri.fr\/es\/?s={search_term_string}\"},\"query-input\":{\"@type\":\"PropertyValueSpecification\",\"valueRequired\":true,\"valueName\":\"search_term_string\"}}],\"inLanguage\":\"es\"},{\"@type\":\"Organization\",\"@id\":\"https:\/\/www.difagri.fr\/es\/#organization\",\"name\":\"Difagri\",\"url\":\"https:\/\/www.difagri.fr\/es\/\",\"logo\":{\"@type\":\"ImageObject\",\"inLanguage\":\"es\",\"@id\":\"https:\/\/www.difagri.fr\/es\/#\/schema\/logo\/image\/\",\"url\":\"https:\/\/www.difagri.fr\/wp-content\/uploads\/2025\/06\/cropped-difagri-sans-base-line-3.png\",\"contentUrl\":\"https:\/\/www.difagri.fr\/wp-content\/uploads\/2025\/06\/cropped-difagri-sans-base-line-3.png\",\"width\":227,\"height\":67,\"caption\":\"Difagri\"},\"image\":{\"@id\":\"https:\/\/www.difagri.fr\/es\/#\/schema\/logo\/image\/\"}}]}<\/script>\n<!-- \/ Yoast SEO plugin. -->","yoast_head_json":{"title":"DIF'ACTIV GESTA OLIGOPLUS - Difagri","description":"Equilibrio nutricional entre vitaminas y oligoelementos para vacas secas, vacas en lactaci\u00f3n y al final del per\u00edodo de gestaci\u00f3n.","robots":{"index":"index","follow":"follow","max-snippet":"max-snippet:-1","max-image-preview":"max-image-preview:large","max-video-preview":"max-video-preview:-1"},"canonical":"https:\/\/www.difagri.fr\/es\/produit\/difactiv-gesta-oligoplus\/","og_locale":"es_ES","og_type":"article","og_title":"DIF'ACTIV GESTA OLIGOPLUS - Difagri","og_description":"Equilibrio nutricional entre vitaminas y oligoelementos para vacas secas, vacas en lactaci\u00f3n y al final del per\u00edodo de gestaci\u00f3n.","og_url":"https:\/\/www.difagri.fr\/es\/produit\/difactiv-gesta-oligoplus\/","og_site_name":"Difagri","article_modified_time":"2022-11-08T11:10:29+00:00","og_image":[{"width":2500,"height":2500,"url":"https:\/\/www.difagri.fr\/wp-content\/uploads\/2021\/01\/DIFACTIV-GESTA-OLIGOPLUS-3.png","type":"image\/png"}],"twitter_card":"summary_large_image","twitter_misc":{"Tiempo de lectura":"1 minuto"},"schema":{"@context":"https:\/\/schema.org","@graph":[{"@type":"WebPage","@id":"https:\/\/www.difagri.fr\/es\/produit\/difactiv-gesta-oligoplus\/","url":"https:\/\/www.difagri.fr\/es\/produit\/difactiv-gesta-oligoplus\/","name":"DIF'ACTIV GESTA OLIGOPLUS - Difagri","isPartOf":{"@id":"https:\/\/www.difagri.fr\/es\/#website"},"primaryImageOfPage":{"@id":"https:\/\/www.difagri.fr\/es\/produit\/difactiv-gesta-oligoplus\/#primaryimage"},"image":{"@id":"https:\/\/www.difagri.fr\/es\/produit\/difactiv-gesta-oligoplus\/#primaryimage"},"thumbnailUrl":"https:\/\/www.difagri.fr\/wp-content\/uploads\/2021\/01\/DIFACTIV-GESTA-OLIGOPLUS-3.png","datePublished":"2022-11-08T11:10:28+00:00","dateModified":"2022-11-08T11:10:29+00:00","description":"Equilibrio nutricional entre vitaminas y oligoelementos para vacas secas, vacas en lactaci\u00f3n y al final del per\u00edodo de gestaci\u00f3n.","breadcrumb":{"@id":"https:\/\/www.difagri.fr\/es\/produit\/difactiv-gesta-oligoplus\/#breadcrumb"},"inLanguage":"es","potentialAction":[{"@type":"ReadAction","target":["https:\/\/www.difagri.fr\/es\/produit\/difactiv-gesta-oligoplus\/"]}]},{"@type":"ImageObject","inLanguage":"es","@id":"https:\/\/www.difagri.fr\/es\/produit\/difactiv-gesta-oligoplus\/#primaryimage","url":"https:\/\/www.difagri.fr\/wp-content\/uploads\/2021\/01\/DIFACTIV-GESTA-OLIGOPLUS-3.png","contentUrl":"https:\/\/www.difagri.fr\/wp-content\/uploads\/2021\/01\/DIFACTIV-GESTA-OLIGOPLUS-3.png","width":2500,"height":2500},{"@type":"BreadcrumbList","@id":"https:\/\/www.difagri.fr\/es\/produit\/difactiv-gesta-oligoplus\/#breadcrumb","itemListElement":[{"@type":"ListItem","position":1,"name":"Accueil","item":"https:\/\/www.difagri.fr\/es\/"},{"@type":"ListItem","position":2,"name":"Tienda","item":"https:\/\/www.difagri.fr\/es\/tienda\/"},{"@type":"ListItem","position":3,"name":"DIF&rsquo;ACTIV GESTA OLIGOPLUS"}]},{"@type":"WebSite","@id":"https:\/\/www.difagri.fr\/es\/#website","url":"https:\/\/www.difagri.fr\/es\/","name":"Difagri","description":"","publisher":{"@id":"https:\/\/www.difagri.fr\/es\/#organization"},"potentialAction":[{"@type":"SearchAction","target":{"@type":"EntryPoint","urlTemplate":"https:\/\/www.difagri.fr\/es\/?s={search_term_string}"},"query-input":{"@type":"PropertyValueSpecification","valueRequired":true,"valueName":"search_term_string"}}],"inLanguage":"es"},{"@type":"Organization","@id":"https:\/\/www.difagri.fr\/es\/#organization","name":"Difagri","url":"https:\/\/www.difagri.fr\/es\/","logo":{"@type":"ImageObject","inLanguage":"es","@id":"https:\/\/www.difagri.fr\/es\/#\/schema\/logo\/image\/","url":"https:\/\/www.difagri.fr\/wp-content\/uploads\/2025\/06\/cropped-difagri-sans-base-line-3.png","contentUrl":"https:\/\/www.difagri.fr\/wp-content\/uploads\/2025\/06\/cropped-difagri-sans-base-line-3.png","width":227,"height":67,"caption":"Difagri"},"image":{"@id":"https:\/\/www.difagri.fr\/es\/#\/schema\/logo\/image\/"}}]}},"_links":{"self":[{"href":"https:\/\/www.difagri.fr\/es\/wp-json\/wp\/v2\/product\/11038","targetHints":{"allow":["GET"]}}],"collection":[{"href":"https:\/\/www.difagri.fr\/es\/wp-json\/wp\/v2\/product"}],"about":[{"href":"https:\/\/www.difagri.fr\/es\/wp-json\/wp\/v2\/types\/product"}],"replies":[{"embeddable":true,"href":"https:\/\/www.difagri.fr\/es\/wp-json\/wp\/v2\/comments?post=11038"}],"wp:featuredmedia":[{"embeddable":true,"href":"https:\/\/www.difagri.fr\/es\/wp-json\/wp\/v2\/media\/10767"}],"wp:attachment":[{"href":"https:\/\/www.difagri.fr\/es\/wp-json\/wp\/v2\/media?parent=11038"}],"wp:term":[{"taxonomy":"besoin","embeddable":true,"href":"https:\/\/www.difagri.fr\/es\/wp-json\/wp\/v2\/besoin?post=11038"},{"taxonomy":"famille","embeddable":true,"href":"https:\/\/www.difagri.fr\/es\/wp-json\/wp\/v2\/famille?post=11038"},{"taxonomy":"presentation","embeddable":true,"href":"https:\/\/www.difagri.fr\/es\/wp-json\/wp\/v2\/presentation?post=11038"},{"taxonomy":"uab","embeddable":true,"href":"https:\/\/www.difagri.fr\/es\/wp-json\/wp\/v2\/uab?post=11038"},{"taxonomy":"product_brand","embeddable":true,"href":"https:\/\/www.difagri.fr\/es\/wp-json\/wp\/v2\/product_brand?post=11038"},{"taxonomy":"product_cat","embeddable":true,"href":"https:\/\/www.difagri.fr\/es\/wp-json\/wp\/v2\/product_cat?post=11038"},{"taxonomy":"product_tag","embeddable":true,"href":"https:\/\/www.difagri.fr\/es\/wp-json\/wp\/v2\/product_tag?post=11038"}],"curies":[{"name":"wp","href":"https:\/\/api.w.org\/{rel}","templated":true}]}}