{"id":11017,"date":"2021-02-26T15:12:02","date_gmt":"2022-11-08T09:34:30","guid":{"rendered":"https:\/\/www.difagri.fr\/?post_type=product&#038;p=11017"},"modified":"2022-12-01T12:05:40","modified_gmt":"2022-12-01T11:05:40","slug":"orgavit-amino","status":"publish","type":"product","link":"https:\/\/www.difagri.fr\/es\/produit\/orgavit-amino\/","title":{"rendered":"ORGAVIT AMINO"},"content":{"rendered":"<p>Mezcla de vitaminas esenciales y amino\u00e1cidos en forma l\u00edquida a administrar cuando los rendimientos zoot\u00e9cnicos se encuentren deprimidos, en situaciones de estr\u00e9s (cambio de r\u00e9gimen alimenticio, cambio clim\u00e1tico repentino, transporte, destete, vacunaci\u00f3n, despique, durante per\u00edodos de alta producci\u00f3n y despu\u00e9s de tratamientos antibacterianos).<\/p>\n","protected":false},"excerpt":{"rendered":"<p>Mezcla de vitaminas esenciales y amino\u00e1cidos en forma l\u00edquida a administrar cuando los rendimientos zoot\u00e9cnicos se encuentren deprimidos, en situaciones de estr\u00e9s (cambio de r\u00e9gimen alimenticio, cambio clim\u00e1tico repentino, transporte, destete, vacunaci\u00f3n, despique, durante per\u00edodos de alta producci\u00f3n y despu\u00e9s de tratamientos antibacterianos).<\/p>\n","protected":false},"featured_media":10784,"comment_status":"open","ping_status":"closed","template":"","meta":{"_acf_changed":false},"besoin":[208,209],"famille":[224],"presentation":[233],"uab":[],"product_brand":[],"product_cat":[199,200,204,206],"product_tag":[],"class_list":{"0":"post-11017","1":"product","2":"type-product","3":"status-publish","4":"has-post-thumbnail","6":"besoin-crecimiento","7":"besoin-energia","8":"famille-complejos-vitaminicos-oligoelementos-y-aminoacidos","9":"presentation-liquidos","10":"product_cat-ganado-vacuno","11":"product_cat-cabras","12":"product_cat-ovejas","13":"product_cat-aves-de-corral","15":"first","16":"instock","17":"shipping-taxable","18":"product-type-simple"},"acf":[],"yoast_head":"<!-- This site is optimized with the Yoast SEO plugin v26.6 - https:\/\/yoast.com\/wordpress\/plugins\/seo\/ -->\n<title>ORGAVIT AMINO - Difagri<\/title>\n<meta name=\"description\" content=\"&#039;Mezcla de vitaminas esenciales y amino\u00e1cidos en forma l\u00edquida a administrar cuando los rendimientos zoot\u00e9cnicos se encuentren deprimidos...\" \/>\n<meta name=\"robots\" content=\"index, follow, max-snippet:-1, max-image-preview:large, max-video-preview:-1\" \/>\n<link rel=\"canonical\" href=\"https:\/\/www.difagri.fr\/es\/produit\/orgavit-amino\/\" \/>\n<meta property=\"og:locale\" content=\"es_ES\" \/>\n<meta property=\"og:type\" content=\"article\" \/>\n<meta property=\"og:title\" content=\"ORGAVIT AMINO - Difagri\" \/>\n<meta property=\"og:description\" content=\"&#039;Mezcla de vitaminas esenciales y amino\u00e1cidos en forma l\u00edquida a administrar cuando los rendimientos zoot\u00e9cnicos se encuentren deprimidos...\" \/>\n<meta property=\"og:url\" content=\"https:\/\/www.difagri.fr\/es\/produit\/orgavit-amino\/\" \/>\n<meta property=\"og:site_name\" content=\"Difagri\" \/>\n<meta property=\"article:modified_time\" content=\"2022-12-01T11:05:40+00:00\" \/>\n<meta property=\"og:image\" content=\"https:\/\/www.difagri.fr\/wp-content\/uploads\/2021\/02\/ORGAVIT-AMINO.png\" \/>\n\t<meta property=\"og:image:width\" content=\"2500\" \/>\n\t<meta property=\"og:image:height\" content=\"2500\" \/>\n\t<meta property=\"og:image:type\" content=\"image\/png\" \/>\n<meta name=\"twitter:card\" content=\"summary_large_image\" \/>\n<meta name=\"twitter:label1\" content=\"Tiempo de lectura\" \/>\n\t<meta name=\"twitter:data1\" content=\"1 minuto\" \/>\n<script type=\"application\/ld+json\" class=\"yoast-schema-graph\">{\"@context\":\"https:\/\/schema.org\",\"@graph\":[{\"@type\":\"WebPage\",\"@id\":\"https:\/\/www.difagri.fr\/es\/produit\/orgavit-amino\/\",\"url\":\"https:\/\/www.difagri.fr\/es\/produit\/orgavit-amino\/\",\"name\":\"ORGAVIT AMINO - Difagri\",\"isPartOf\":{\"@id\":\"https:\/\/www.difagri.fr\/es\/#website\"},\"primaryImageOfPage\":{\"@id\":\"https:\/\/www.difagri.fr\/es\/produit\/orgavit-amino\/#primaryimage\"},\"image\":{\"@id\":\"https:\/\/www.difagri.fr\/es\/produit\/orgavit-amino\/#primaryimage\"},\"thumbnailUrl\":\"https:\/\/www.difagri.fr\/wp-content\/uploads\/2021\/02\/ORGAVIT-AMINO.png\",\"datePublished\":\"2022-11-08T09:34:30+00:00\",\"dateModified\":\"2022-12-01T11:05:40+00:00\",\"description\":\"'Mezcla de vitaminas esenciales y amino\u00e1cidos en forma l\u00edquida a administrar cuando los rendimientos zoot\u00e9cnicos se encuentren deprimidos...\",\"breadcrumb\":{\"@id\":\"https:\/\/www.difagri.fr\/es\/produit\/orgavit-amino\/#breadcrumb\"},\"inLanguage\":\"es\",\"potentialAction\":[{\"@type\":\"ReadAction\",\"target\":[\"https:\/\/www.difagri.fr\/es\/produit\/orgavit-amino\/\"]}]},{\"@type\":\"ImageObject\",\"inLanguage\":\"es\",\"@id\":\"https:\/\/www.difagri.fr\/es\/produit\/orgavit-amino\/#primaryimage\",\"url\":\"https:\/\/www.difagri.fr\/wp-content\/uploads\/2021\/02\/ORGAVIT-AMINO.png\",\"contentUrl\":\"https:\/\/www.difagri.fr\/wp-content\/uploads\/2021\/02\/ORGAVIT-AMINO.png\",\"width\":2500,\"height\":2500},{\"@type\":\"BreadcrumbList\",\"@id\":\"https:\/\/www.difagri.fr\/es\/produit\/orgavit-amino\/#breadcrumb\",\"itemListElement\":[{\"@type\":\"ListItem\",\"position\":1,\"name\":\"Accueil\",\"item\":\"https:\/\/www.difagri.fr\/es\/\"},{\"@type\":\"ListItem\",\"position\":2,\"name\":\"Tienda\",\"item\":\"https:\/\/www.difagri.fr\/es\/tienda\/\"},{\"@type\":\"ListItem\",\"position\":3,\"name\":\"ORGAVIT AMINO\"}]},{\"@type\":\"WebSite\",\"@id\":\"https:\/\/www.difagri.fr\/es\/#website\",\"url\":\"https:\/\/www.difagri.fr\/es\/\",\"name\":\"Difagri\",\"description\":\"\",\"publisher\":{\"@id\":\"https:\/\/www.difagri.fr\/es\/#organization\"},\"potentialAction\":[{\"@type\":\"SearchAction\",\"target\":{\"@type\":\"EntryPoint\",\"urlTemplate\":\"https:\/\/www.difagri.fr\/es\/?s={search_term_string}\"},\"query-input\":{\"@type\":\"PropertyValueSpecification\",\"valueRequired\":true,\"valueName\":\"search_term_string\"}}],\"inLanguage\":\"es\"},{\"@type\":\"Organization\",\"@id\":\"https:\/\/www.difagri.fr\/es\/#organization\",\"name\":\"Difagri\",\"url\":\"https:\/\/www.difagri.fr\/es\/\",\"logo\":{\"@type\":\"ImageObject\",\"inLanguage\":\"es\",\"@id\":\"https:\/\/www.difagri.fr\/es\/#\/schema\/logo\/image\/\",\"url\":\"https:\/\/www.difagri.fr\/wp-content\/uploads\/2025\/06\/cropped-difagri-sans-base-line-3.png\",\"contentUrl\":\"https:\/\/www.difagri.fr\/wp-content\/uploads\/2025\/06\/cropped-difagri-sans-base-line-3.png\",\"width\":227,\"height\":67,\"caption\":\"Difagri\"},\"image\":{\"@id\":\"https:\/\/www.difagri.fr\/es\/#\/schema\/logo\/image\/\"}}]}<\/script>\n<!-- \/ Yoast SEO plugin. -->","yoast_head_json":{"title":"ORGAVIT AMINO - Difagri","description":"'Mezcla de vitaminas esenciales y amino\u00e1cidos en forma l\u00edquida a administrar cuando los rendimientos zoot\u00e9cnicos se encuentren deprimidos...","robots":{"index":"index","follow":"follow","max-snippet":"max-snippet:-1","max-image-preview":"max-image-preview:large","max-video-preview":"max-video-preview:-1"},"canonical":"https:\/\/www.difagri.fr\/es\/produit\/orgavit-amino\/","og_locale":"es_ES","og_type":"article","og_title":"ORGAVIT AMINO - Difagri","og_description":"'Mezcla de vitaminas esenciales y amino\u00e1cidos en forma l\u00edquida a administrar cuando los rendimientos zoot\u00e9cnicos se encuentren deprimidos...","og_url":"https:\/\/www.difagri.fr\/es\/produit\/orgavit-amino\/","og_site_name":"Difagri","article_modified_time":"2022-12-01T11:05:40+00:00","og_image":[{"width":2500,"height":2500,"url":"https:\/\/www.difagri.fr\/wp-content\/uploads\/2021\/02\/ORGAVIT-AMINO.png","type":"image\/png"}],"twitter_card":"summary_large_image","twitter_misc":{"Tiempo de lectura":"1 minuto"},"schema":{"@context":"https:\/\/schema.org","@graph":[{"@type":"WebPage","@id":"https:\/\/www.difagri.fr\/es\/produit\/orgavit-amino\/","url":"https:\/\/www.difagri.fr\/es\/produit\/orgavit-amino\/","name":"ORGAVIT AMINO - Difagri","isPartOf":{"@id":"https:\/\/www.difagri.fr\/es\/#website"},"primaryImageOfPage":{"@id":"https:\/\/www.difagri.fr\/es\/produit\/orgavit-amino\/#primaryimage"},"image":{"@id":"https:\/\/www.difagri.fr\/es\/produit\/orgavit-amino\/#primaryimage"},"thumbnailUrl":"https:\/\/www.difagri.fr\/wp-content\/uploads\/2021\/02\/ORGAVIT-AMINO.png","datePublished":"2022-11-08T09:34:30+00:00","dateModified":"2022-12-01T11:05:40+00:00","description":"'Mezcla de vitaminas esenciales y amino\u00e1cidos en forma l\u00edquida a administrar cuando los rendimientos zoot\u00e9cnicos se encuentren deprimidos...","breadcrumb":{"@id":"https:\/\/www.difagri.fr\/es\/produit\/orgavit-amino\/#breadcrumb"},"inLanguage":"es","potentialAction":[{"@type":"ReadAction","target":["https:\/\/www.difagri.fr\/es\/produit\/orgavit-amino\/"]}]},{"@type":"ImageObject","inLanguage":"es","@id":"https:\/\/www.difagri.fr\/es\/produit\/orgavit-amino\/#primaryimage","url":"https:\/\/www.difagri.fr\/wp-content\/uploads\/2021\/02\/ORGAVIT-AMINO.png","contentUrl":"https:\/\/www.difagri.fr\/wp-content\/uploads\/2021\/02\/ORGAVIT-AMINO.png","width":2500,"height":2500},{"@type":"BreadcrumbList","@id":"https:\/\/www.difagri.fr\/es\/produit\/orgavit-amino\/#breadcrumb","itemListElement":[{"@type":"ListItem","position":1,"name":"Accueil","item":"https:\/\/www.difagri.fr\/es\/"},{"@type":"ListItem","position":2,"name":"Tienda","item":"https:\/\/www.difagri.fr\/es\/tienda\/"},{"@type":"ListItem","position":3,"name":"ORGAVIT AMINO"}]},{"@type":"WebSite","@id":"https:\/\/www.difagri.fr\/es\/#website","url":"https:\/\/www.difagri.fr\/es\/","name":"Difagri","description":"","publisher":{"@id":"https:\/\/www.difagri.fr\/es\/#organization"},"potentialAction":[{"@type":"SearchAction","target":{"@type":"EntryPoint","urlTemplate":"https:\/\/www.difagri.fr\/es\/?s={search_term_string}"},"query-input":{"@type":"PropertyValueSpecification","valueRequired":true,"valueName":"search_term_string"}}],"inLanguage":"es"},{"@type":"Organization","@id":"https:\/\/www.difagri.fr\/es\/#organization","name":"Difagri","url":"https:\/\/www.difagri.fr\/es\/","logo":{"@type":"ImageObject","inLanguage":"es","@id":"https:\/\/www.difagri.fr\/es\/#\/schema\/logo\/image\/","url":"https:\/\/www.difagri.fr\/wp-content\/uploads\/2025\/06\/cropped-difagri-sans-base-line-3.png","contentUrl":"https:\/\/www.difagri.fr\/wp-content\/uploads\/2025\/06\/cropped-difagri-sans-base-line-3.png","width":227,"height":67,"caption":"Difagri"},"image":{"@id":"https:\/\/www.difagri.fr\/es\/#\/schema\/logo\/image\/"}}]}},"_links":{"self":[{"href":"https:\/\/www.difagri.fr\/es\/wp-json\/wp\/v2\/product\/11017","targetHints":{"allow":["GET"]}}],"collection":[{"href":"https:\/\/www.difagri.fr\/es\/wp-json\/wp\/v2\/product"}],"about":[{"href":"https:\/\/www.difagri.fr\/es\/wp-json\/wp\/v2\/types\/product"}],"replies":[{"embeddable":true,"href":"https:\/\/www.difagri.fr\/es\/wp-json\/wp\/v2\/comments?post=11017"}],"wp:featuredmedia":[{"embeddable":true,"href":"https:\/\/www.difagri.fr\/es\/wp-json\/wp\/v2\/media\/10784"}],"wp:attachment":[{"href":"https:\/\/www.difagri.fr\/es\/wp-json\/wp\/v2\/media?parent=11017"}],"wp:term":[{"taxonomy":"besoin","embeddable":true,"href":"https:\/\/www.difagri.fr\/es\/wp-json\/wp\/v2\/besoin?post=11017"},{"taxonomy":"famille","embeddable":true,"href":"https:\/\/www.difagri.fr\/es\/wp-json\/wp\/v2\/famille?post=11017"},{"taxonomy":"presentation","embeddable":true,"href":"https:\/\/www.difagri.fr\/es\/wp-json\/wp\/v2\/presentation?post=11017"},{"taxonomy":"uab","embeddable":true,"href":"https:\/\/www.difagri.fr\/es\/wp-json\/wp\/v2\/uab?post=11017"},{"taxonomy":"product_brand","embeddable":true,"href":"https:\/\/www.difagri.fr\/es\/wp-json\/wp\/v2\/product_brand?post=11017"},{"taxonomy":"product_cat","embeddable":true,"href":"https:\/\/www.difagri.fr\/es\/wp-json\/wp\/v2\/product_cat?post=11017"},{"taxonomy":"product_tag","embeddable":true,"href":"https:\/\/www.difagri.fr\/es\/wp-json\/wp\/v2\/product_tag?post=11017"}],"curies":[{"name":"wp","href":"https:\/\/api.w.org\/{rel}","templated":true}]}}