{"id":4374,"date":"2021-02-15T09:42:29","date_gmt":"2021-02-15T08:42:29","guid":{"rendered":"https:\/\/www.difagri.fr\/mentions-legales\/"},"modified":"2021-02-18T17:50:47","modified_gmt":"2021-02-18T16:50:47","slug":"legal-information","status":"publish","type":"page","link":"https:\/\/www.difagri.fr\/en\/legal-information\/","title":{"rendered":"Legal information"},"content":{"rendered":"\t\t<div data-elementor-type=\"wp-page\" data-elementor-id=\"4374\" class=\"elementor elementor-4374 elementor-51\" data-elementor-post-type=\"page\">\n\t\t\t\t\t\t<section class=\"elementor-section elementor-top-section elementor-element elementor-element-29e62220 elementor-section-full_width elementor-section-height-default elementor-section-height-default\" data-id=\"29e62220\" data-element_type=\"section\">\n\t\t\t\t\t\t<div class=\"elementor-container elementor-column-gap-no\">\n\t\t\t\t\t<div class=\"elementor-column elementor-col-100 elementor-top-column elementor-element elementor-element-1c7c4878\" data-id=\"1c7c4878\" data-element_type=\"column\">\n\t\t\t<div class=\"elementor-widget-wrap elementor-element-populated\">\n\t\t\t\t\t\t<div class=\"elementor-element elementor-element-5ce41d27 elementor--h-position-center elementor--v-position-middle elementor-arrows-position-inside elementor-pagination-position-inside elementor-widget elementor-widget-slides\" data-id=\"5ce41d27\" data-element_type=\"widget\" data-settings=\"{&quot;navigation&quot;:&quot;both&quot;,&quot;autoplay&quot;:&quot;yes&quot;,&quot;pause_on_hover&quot;:&quot;yes&quot;,&quot;pause_on_interaction&quot;:&quot;yes&quot;,&quot;autoplay_speed&quot;:5000,&quot;infinite&quot;:&quot;yes&quot;,&quot;transition&quot;:&quot;slide&quot;,&quot;transition_speed&quot;:500}\" data-widget_type=\"slides.default\">\n\t\t\t\t<div class=\"elementor-widget-container\">\n\t\t\t\t\t\t\t\t\t<div class=\"elementor-swiper\">\n\t\t\t\t\t<div class=\"elementor-slides-wrapper elementor-main-swiper swiper\" role=\"region\" aria-roledescription=\"carousel\" aria-label=\"Slides\" dir=\"ltr\" data-animation=\"fadeInUp\">\n\t\t\t\t<div class=\"swiper-wrapper elementor-slides\">\n\t\t\t\t\t\t\t\t\t\t<div class=\"elementor-repeater-item-7071bd1 swiper-slide\" role=\"group\" aria-roledescription=\"slide\"><div class=\"swiper-slide-bg\" role=\"img\" aria-label=\"vache \u00e0 corne\"><\/div><div class=\"swiper-slide-inner\" ><div class=\"swiper-slide-contents\"><div class=\"elementor-slide-heading\">Mentions l\u00e9gales<\/div><\/div><\/div><\/div>\t\t\t\t<\/div>\n\t\t\t\t\t\t\t<\/div>\n\t\t\t\t<\/div>\n\t\t\t\t\t\t\t\t<\/div>\n\t\t\t\t<\/div>\n\t\t\t\t\t<\/div>\n\t\t<\/div>\n\t\t\t\t\t<\/div>\n\t\t<\/section>\n\t\t\t\t<section class=\"elementor-section elementor-top-section elementor-element elementor-element-81f5e09 elementor-section-boxed elementor-section-height-default elementor-section-height-default\" data-id=\"81f5e09\" data-element_type=\"section\">\n\t\t\t\t\t\t<div class=\"elementor-container elementor-column-gap-default\">\n\t\t\t\t\t<div class=\"elementor-column elementor-col-100 elementor-top-column elementor-element elementor-element-14a096a\" data-id=\"14a096a\" data-element_type=\"column\">\n\t\t\t<div class=\"elementor-widget-wrap elementor-element-populated\">\n\t\t\t\t\t\t<div class=\"elementor-element elementor-element-246fd76 elementor-widget elementor-widget-spacer\" data-id=\"246fd76\" data-element_type=\"widget\" data-widget_type=\"spacer.default\">\n\t\t\t\t<div class=\"elementor-widget-container\">\n\t\t\t\t\t\t\t<div class=\"elementor-spacer\">\n\t\t\t<div class=\"elementor-spacer-inner\"><\/div>\n\t\t<\/div>\n\t\t\t\t\t\t<\/div>\n\t\t\t\t<\/div>\n\t\t\t\t\t<\/div>\n\t\t<\/div>\n\t\t\t\t\t<\/div>\n\t\t<\/section>\n\t\t\t\t<section class=\"elementor-section elementor-top-section elementor-element elementor-element-09bb527 elementor-section-boxed elementor-section-height-default elementor-section-height-default\" data-id=\"09bb527\" data-element_type=\"section\">\n\t\t\t\t\t\t<div class=\"elementor-container elementor-column-gap-default\">\n\t\t\t\t\t<div class=\"elementor-column elementor-col-100 elementor-top-column elementor-element elementor-element-f20267b\" data-id=\"f20267b\" data-element_type=\"column\">\n\t\t\t<div class=\"elementor-widget-wrap elementor-element-populated\">\n\t\t\t\t\t\t<div class=\"elementor-element elementor-element-f307b01 elementor-widget elementor-widget-text-editor\" data-id=\"f307b01\" data-element_type=\"widget\" data-widget_type=\"text-editor.default\">\n\t\t\t\t<div class=\"elementor-widget-container\">\n\t\t\t\t\t\t\t\t\t<h3><strong>1. \u00c9diteur du site<\/strong><\/h3>\n<p>DIFAGRI<br \/>499 rue des Valois<br \/>Parc d\u2019Activit\u00e9s des Marches de Bretagne<br \/>SAINT HILAIRE DE LOULAY \u2013 85600 MONTAIGU-VEND\u00c9E<\/p>\n<p>France<\/p>\n<p>T\u00e9l.&nbsp;<a href=\"tel:+33251940448\" data-mce-href=\"tel:+33251940448\">+33 (0)2 51 94 04 48<\/a><br \/>contact@difagri.fr<\/p>\n<h3><strong>2. Directeur de la publication<\/strong><\/h3>\n<p>DIFAGRI s\u2019engage \u00e0 respecter l\u2019ensemble des lois concernant la mise en place et l\u2019activit\u00e9 d\u2019un site Internet.<\/p>\n<h3><strong>3. R\u00e9alisation du site<\/strong><\/h3>\n<p>Comwell<br \/>18, place Dugast Matifeux<br \/>85600 MONTAIGU-VEND\u00c9E<\/p>\n<p>Tel. : +33 (0)2 51 47 79 25<br \/>Email : contact[a]comwell.fr<br \/>Site web :&nbsp;<a href=\"https:\/\/www.comwell.fr\/\" target=\"_blank\" rel=\"noopener noreferrer\" data-mce-href=\"https:\/\/www.comwell.fr\/\">comwell.fr<\/a><\/p>\n<h4><\/h4>\n<h3><strong>4. H\u00e9bergement<\/strong><\/h3>\n<p>NEXETO<br \/>6 Rue Jacques-Yves Cousteau, 85009 La Roche-sur-Yon<\/p>\n<h4><\/h4>\n<h3><strong>5. Conditions g\u00e9n\u00e9rales d\u2019utilisation<\/strong><\/h3>\n<p>Votre utilisation de ce site web constitue votre acceptation des conditions g\u00e9n\u00e9rales et mentions d\u2019avertissement.<br \/>Ce site peut contenir des liens vers d\u2019autres sites web. DIFAGRI assume aucune responsabilit\u00e9 sur le contenu des sites autres que ceux faisant partie du domaine https:\/\/www.difagri.fr<\/p>\n<p>L\u2019ensemble de ce site rel\u00e8ve de la l\u00e9gislation fran\u00e7aise et internationale sur le droit d\u2019auteur et la propri\u00e9t\u00e9 intellectuelle. Tous les droits de reproduction sont r\u00e9serv\u00e9s, y compris pour les documents t\u00e9l\u00e9chargeables, les repr\u00e9sentations iconographiques et photographiques, ainsi que les contenus r\u00e9dactionnels. Les marques cit\u00e9es appartiennent \u00e0 leurs propri\u00e9taires respectifs.<br \/>La reproduction de tout ou partie de ce site sur un support \u00e9lectronique quel qu\u2019il soit est formellement interdite sauf autorisation expresse du directeur de publication. Vous vous engagez \u00e0 ne pas utiliser ce site \u00e0 des fins illicites ou interdites par les lois ou par les mentions l\u00e9gales et contractuelles.<\/p>\n<h3><strong>6. Respect de la vie priv\u00e9e<\/strong><\/h3>\n<p>Conform\u00e9ment \u00e0 la loi \u00ab Informatique et Libert\u00e9 \u00bb du 06 Janvier 1978, vous disposez d\u2019un droit d\u2019acc\u00e8s et de rectification des donn\u00e9es vous concernant. Pour cela il suffit de nous contacter (en nous indiquant vos coordonn\u00e9es et le cas \u00e9ch\u00e9ant votre n\u00b0 client.).<\/p>\n<h4><\/h4>\n<h3><strong>7. Droit d\u2019auteur \u2013 Copyright<\/strong><\/h3>\n<p>Tous les e\u0301le\u0301ments de toute nature (images fixes, images anime\u0301es, photographies, bases de donne\u0301es, marques, illustrations, logos, dessins, mode\u0300les, documents te\u0301le\u0301chargeables, etc) contenus dans le site https:\/\/www.difagri.fr sont prote\u0301ge\u0301s par le droit d\u2019auteur. \u00c0 ce titre, sauf autorisation pre\u0301alable et e\u0301crite de DIFAGRI, toute reproduction, repre\u0301sentation, adaptation, modification partielle ou inte\u0301grale de tout e\u0301le\u0301ment composant le site, par quelque moyen que ce soit, est interdite sous peine de poursuite judiciaire.<\/p>\n<h4><\/h4>\n<h3><strong>8. Nom et logo<\/strong><\/h3>\n<p>Il est strictement interdit de reproduire, r\u00e9\u00e9diter ou redistribuer totalement ou partiellement le nom DIFAGRI ou son logo, seul ou associ\u00e9 \u00e0 quelque titre que ce soit sans l\u2019accord \u00e9crit pr\u00e9alable de DIFAGRI.<\/p>\n<h4><\/h4>\n<h3><strong>9. Liens hypertextes<\/strong><\/h3>\n<p>Tout site Internet est autoris\u00e9 \u00e0 \u00e9tablir, sans accord pr\u00e9alable, un lien vers les informations diffus\u00e9es sur le site de DIFAGRI. N\u00e9anmoins, les pages et les documents issus de https:\/\/www.difagri.fr&nbsp;ne doivent pas \u00eatre imbriqu\u00e9s \u00e0 l\u2019int\u00e9rieur des pages d\u2019un autre site (iframe).<br \/>L\u2019autorisation de mise en place d\u2019un lien est valable pour tout support, \u00e0 l\u2019exception de ceux diffusant des informations \u00e0 caract\u00e8re pol\u00e9mique, pornographique, x\u00e9nophobe ou pouvant, dans une plus large mesure, porter atteinte \u00e0 la sensibilit\u00e9 du plus grand nombre.<br \/>DIFAGRI ne peut, en aucun cas, \u00eatre tenu pour responsable des informations diffus\u00e9es sur les sites qui font l\u2019objet d\u2019un lien hypertexte \u00e0 partir de https:\/\/www.difagri.fr.<\/p>\n<h4><\/h4>\n<h3><strong>10. Qualit\u00e9 et utilisation des informations<\/strong><\/h3>\n<p>DIFAGRI s\u2019attache \u00e0 diffuser une information fiable, v\u00e9rifi\u00e9e et r\u00e9guli\u00e8rement actualis\u00e9e. En d\u00e9pit des nombreux efforts mis en \u0153uvre pour atteindre cet objectif, des erreurs ou omissions peuvent, tout de m\u00eame, subsister. Il appartient donc \u00e0 l\u2019internaute, sous sa responsabilit\u00e9 exclusive, d\u2019utiliser les informations disponibles sur https:\/\/www.difagri.fr avec discernement. En cons\u00e9quence, DIFAGRI vous recommande de v\u00e9rifier les informations recueillies sur son site, pr\u00e9alablement \u00e0 toute prise de d\u00e9cision quant \u00e0 leur usage.<\/p>\n<h4><\/h4>\n<h3><strong>11. Garanties et responsabilit\u00e9s<\/strong><\/h3>\n<p>Les informations diffus\u00e9es sur le site de DIFAGRI sont fournies sans garantie d\u2019aucune sorte, autre que celles pr\u00e9vues par la loi en vigueur, et notamment sans garantie que le contenu r\u00e9ponde aux besoins de l\u2019utilisateur ou \u00e0 l\u2019usage qu\u2019il sera amen\u00e9 en faire. L\u2019utilisateur est seul responsable de toute utilisation qu\u2019il fera des informations diffus\u00e9es sur https:\/\/www.difagri.fr,<br \/>DIFAGRI ne pourra pas \u00eatre tenue responsable des dommages directs ou indirects r\u00e9sultant de l\u2019usage de son site ou d\u2019autres sites qui lui sont li\u00e9s, et notamment des \u00e9ventuelles pertes financi\u00e8res ou pr\u00e9judices commerciaux pouvant en r\u00e9sulter.<\/p>\n<h4><\/h4>\n<h3><strong>12. Loi applicable<\/strong><\/h3>\n<p>Les pr\u00e9sentes Conditions G\u00e9n\u00e9rales sont soumises au droit interne fran\u00e7ais. La langue des Conditions G\u00e9n\u00e9rales est la langue fran\u00e7aise. En cas de litige, les tribunaux fran\u00e7ais seront seuls comp\u00e9tents.<\/p>\n<h4><\/h4>\n<h3><strong>13. Qu\u2019est-ce qu\u2019un Cookie ?<\/strong><\/h3>\n<p>Les cookies sont de petits fichiers texte d\u00e9pos\u00e9s sur votre ordinateur\/tablette\/smartphone\/t\u00e9l\u00e9vision connect\u00e9e\/console de jeux vid\u00e9o connect\u00e9s \u00e0 Internet lors de la visite d\u2019un site. Ils ont pour but de collecter des informations relatives \u00e0 votre navigation et de d\u00e9livrer des statistiques de consultations fiables.<\/p>\n<p>Les cookies sont g\u00e9r\u00e9s par votre navigateur internet.<\/p>\n<h4><\/h4>\n<h3><strong>14. Pourquoi utilisons-nous des Cookies ?<\/strong><\/h3>\n<p>Ils nous permettent de :<\/p>\n<ul>\n<li><strong>Mesurer l\u2019audience de ce site internet.<\/strong>&nbsp;Ainsi nous pouvons analyser la fr\u00e9quentation et l\u2019utilisation de ce site et am\u00e9liorer constamment nos services et contenus.<\/li>\n<li><strong>M\u00e9moriser vos pr\u00e9f\u00e9rences de navigation<\/strong>&nbsp;telles que votre langue, la taille de la police, la pr\u00e9sentation de la page ou les couleurs pr\u00e9f\u00e9r\u00e9es. Le tout pour vous permettre de parcourir notre site plus rapidement et plus facilement.<\/li>\n<li><strong>Collecter des informations analytiques<\/strong>&nbsp;pour, par exemple, compter le nombre de visiteurs sur nos sites Web et identifier les pages de nos sites que vous visitez le plus souvent. Nous utilisons les donn\u00e9es d\u2019analyse que nous collectons \u00e0 des fins marketing et de planification des ressources.<\/li>\n<\/ul>\n<p>Sachez que nous ne conservons aucune information permettant de vous identifier personnellement dans les donn\u00e9es de nos cookies vous concernant. Nous enregistrons uniquement un identifiant de session unique qui nous aidera \u00e0 retrouver un profil d\u2019utilisateur ainsi que vos pr\u00e9f\u00e9rences lors de votre prochaine visite.<br \/>Ces donn\u00e9es sont conserv\u00e9es uniquement via Google Analytics pour une dur\u00e9e pr\u00e9vue par le logiciel (allant jusqu\u2019\u00e0 50 mois).<\/p>\n<h4><\/h4>\n<h3><strong>15. Les diff\u00e9rents types de cookies<\/strong><\/h3>\n<ul>\n<li><strong>Cookies de session<\/strong>&nbsp;: les cookies de ce type sont temporairement stock\u00e9s sur votre ordinateur ou votre p\u00e9riph\u00e9rique pendant une session de navigation. Ils sont effac\u00e9s de votre ordinateur ou de votre p\u00e9riph\u00e9rique \u00e0 la fin de la session de navigation.<\/li>\n<li><strong>Cookies permanents<\/strong>&nbsp;: les cookies de ce type demeurent plus longtemps sur votre ordinateur. Les cookies permanents nous aident \u00e0 vous reconna\u00eetre lorsque nous devons savoir qui vous \u00eates pour plus d\u2019une session de navigation.<\/li>\n<\/ul>\n<h4><\/h4>\n<h3><strong>16. Comment g\u00e9rer vos cookies<\/strong><\/h3>\n<p>Le menu de la plupart des navigateurs comporte des options vous permettant de g\u00e9rer vos cookies en r\u00e9glant ou en configurant vos param\u00e8tres de cookies. G\u00e9n\u00e9ralement, le navigateur vous offre la possibilit\u00e9 :<\/p>\n<ul>\n<li>d\u2019afficher vos cookies<\/li>\n<li>d\u2019autoriser les cookies<\/li>\n<li>de d\u00e9sactiver tous les cookies, ou uniquement des cookies pr\u00e9cis<\/li>\n<li>de d\u00e9sactiver tous les cookies lorsque vous fermez votre navigateur<\/li>\n<li>de bloquer les cookies<\/li>\n<li>d\u2019\u00eatre inform\u00e9 lorsque vous recevez un cookie<\/li>\n<\/ul>\n<p>Si vous configurez les options de votre navigateur pour supprimer tous les cookies, vos pr\u00e9f\u00e9rences de navigation seront effac\u00e9es \u00e0 la fermeture de votre navigateur. :<br \/>En continuant votre navigation sur notre site, vous vous engagez \u00e0 accepter l\u2019utilisation des cookies.<br \/>Pour plus d\u2019informations sur les cookies, visitez le site de la CNIL.<\/p>\n\t\t\t\t\t\t\t\t<\/div>\n\t\t\t\t<\/div>\n\t\t\t\t\t<\/div>\n\t\t<\/div>\n\t\t\t\t\t<\/div>\n\t\t<\/section>\n\t\t\t\t<\/div>\n\t\t","protected":false},"excerpt":{"rendered":"<p>Mentions l\u00e9gales 1. \u00c9diteur du site DIFAGRI499 rue des ValoisParc d\u2019Activit\u00e9s des Marches de BretagneSAINT HILAIRE DE LOULAY \u2013 85600 MONTAIGU-VEND\u00c9E France T\u00e9l.&nbsp;+33 (0)2 51 94 04 48contact@difagri.fr 2. Directeur de la publication DIFAGRI s\u2019engage \u00e0 respecter l\u2019ensemble des lois concernant la mise en place et l\u2019activit\u00e9 d\u2019un site Internet. 3. R\u00e9alisation du site Comwell18, [&hellip;]<\/p>\n","protected":false},"author":1,"featured_media":0,"parent":0,"menu_order":0,"comment_status":"closed","ping_status":"closed","template":"","meta":{"_acf_changed":false,"footnotes":""},"class_list":["post-4374","page","type-page","status-publish","hentry"],"acf":[],"yoast_head":"<!-- This site is optimized with the Yoast SEO plugin v26.6 - https:\/\/yoast.com\/wordpress\/plugins\/seo\/ -->\n<title>Legal information - Difagri<\/title>\n<meta name=\"robots\" content=\"index, follow, max-snippet:-1, max-image-preview:large, max-video-preview:-1\" \/>\n<link rel=\"canonical\" href=\"https:\/\/www.difagri.fr\/en\/legal-information\/\" \/>\n<meta property=\"og:locale\" content=\"en_US\" \/>\n<meta property=\"og:type\" content=\"article\" \/>\n<meta property=\"og:title\" content=\"Legal information - Difagri\" \/>\n<meta property=\"og:description\" content=\"Mentions l\u00e9gales 1. \u00c9diteur du site DIFAGRI499 rue des ValoisParc d\u2019Activit\u00e9s des Marches de BretagneSAINT HILAIRE DE LOULAY \u2013 85600 MONTAIGU-VEND\u00c9E France T\u00e9l.&nbsp;+33 (0)2 51 94 04 48contact@difagri.fr 2. Directeur de la publication DIFAGRI s\u2019engage \u00e0 respecter l\u2019ensemble des lois concernant la mise en place et l\u2019activit\u00e9 d\u2019un site Internet. 3. R\u00e9alisation du site Comwell18, [&hellip;]\" \/>\n<meta property=\"og:url\" content=\"https:\/\/www.difagri.fr\/en\/legal-information\/\" \/>\n<meta property=\"og:site_name\" content=\"Difagri\" \/>\n<meta property=\"article:modified_time\" content=\"2021-02-18T16:50:47+00:00\" \/>\n<meta name=\"twitter:card\" content=\"summary_large_image\" \/>\n<meta name=\"twitter:label1\" content=\"Est. reading time\" \/>\n\t<meta name=\"twitter:data1\" content=\"7 minutes\" \/>\n<script type=\"application\/ld+json\" class=\"yoast-schema-graph\">{\"@context\":\"https:\/\/schema.org\",\"@graph\":[{\"@type\":\"WebPage\",\"@id\":\"https:\/\/www.difagri.fr\/en\/legal-information\/\",\"url\":\"https:\/\/www.difagri.fr\/en\/legal-information\/\",\"name\":\"Legal information - Difagri\",\"isPartOf\":{\"@id\":\"https:\/\/www.difagri.fr\/en\/#website\"},\"datePublished\":\"2021-02-15T08:42:29+00:00\",\"dateModified\":\"2021-02-18T16:50:47+00:00\",\"breadcrumb\":{\"@id\":\"https:\/\/www.difagri.fr\/en\/legal-information\/#breadcrumb\"},\"inLanguage\":\"en-US\",\"potentialAction\":[{\"@type\":\"ReadAction\",\"target\":[\"https:\/\/www.difagri.fr\/en\/legal-information\/\"]}]},{\"@type\":\"BreadcrumbList\",\"@id\":\"https:\/\/www.difagri.fr\/en\/legal-information\/#breadcrumb\",\"itemListElement\":[{\"@type\":\"ListItem\",\"position\":1,\"name\":\"Accueil\",\"item\":\"https:\/\/www.difagri.fr\/en\/\"},{\"@type\":\"ListItem\",\"position\":2,\"name\":\"Legal information\"}]},{\"@type\":\"WebSite\",\"@id\":\"https:\/\/www.difagri.fr\/en\/#website\",\"url\":\"https:\/\/www.difagri.fr\/en\/\",\"name\":\"Difagri\",\"description\":\"\",\"publisher\":{\"@id\":\"https:\/\/www.difagri.fr\/en\/#organization\"},\"potentialAction\":[{\"@type\":\"SearchAction\",\"target\":{\"@type\":\"EntryPoint\",\"urlTemplate\":\"https:\/\/www.difagri.fr\/en\/?s={search_term_string}\"},\"query-input\":{\"@type\":\"PropertyValueSpecification\",\"valueRequired\":true,\"valueName\":\"search_term_string\"}}],\"inLanguage\":\"en-US\"},{\"@type\":\"Organization\",\"@id\":\"https:\/\/www.difagri.fr\/en\/#organization\",\"name\":\"Difagri\",\"url\":\"https:\/\/www.difagri.fr\/en\/\",\"logo\":{\"@type\":\"ImageObject\",\"inLanguage\":\"en-US\",\"@id\":\"https:\/\/www.difagri.fr\/en\/#\/schema\/logo\/image\/\",\"url\":\"https:\/\/www.difagri.fr\/wp-content\/uploads\/2025\/06\/cropped-difagri-sans-base-line-3.png\",\"contentUrl\":\"https:\/\/www.difagri.fr\/wp-content\/uploads\/2025\/06\/cropped-difagri-sans-base-line-3.png\",\"width\":227,\"height\":67,\"caption\":\"Difagri\"},\"image\":{\"@id\":\"https:\/\/www.difagri.fr\/en\/#\/schema\/logo\/image\/\"}}]}<\/script>\n<!-- \/ Yoast SEO plugin. -->","yoast_head_json":{"title":"Legal information - Difagri","robots":{"index":"index","follow":"follow","max-snippet":"max-snippet:-1","max-image-preview":"max-image-preview:large","max-video-preview":"max-video-preview:-1"},"canonical":"https:\/\/www.difagri.fr\/en\/legal-information\/","og_locale":"en_US","og_type":"article","og_title":"Legal information - Difagri","og_description":"Mentions l\u00e9gales 1. \u00c9diteur du site DIFAGRI499 rue des ValoisParc d\u2019Activit\u00e9s des Marches de BretagneSAINT HILAIRE DE LOULAY \u2013 85600 MONTAIGU-VEND\u00c9E France T\u00e9l.&nbsp;+33 (0)2 51 94 04 48contact@difagri.fr 2. Directeur de la publication DIFAGRI s\u2019engage \u00e0 respecter l\u2019ensemble des lois concernant la mise en place et l\u2019activit\u00e9 d\u2019un site Internet. 3. R\u00e9alisation du site Comwell18, [&hellip;]","og_url":"https:\/\/www.difagri.fr\/en\/legal-information\/","og_site_name":"Difagri","article_modified_time":"2021-02-18T16:50:47+00:00","twitter_card":"summary_large_image","twitter_misc":{"Est. reading time":"7 minutes"},"schema":{"@context":"https:\/\/schema.org","@graph":[{"@type":"WebPage","@id":"https:\/\/www.difagri.fr\/en\/legal-information\/","url":"https:\/\/www.difagri.fr\/en\/legal-information\/","name":"Legal information - Difagri","isPartOf":{"@id":"https:\/\/www.difagri.fr\/en\/#website"},"datePublished":"2021-02-15T08:42:29+00:00","dateModified":"2021-02-18T16:50:47+00:00","breadcrumb":{"@id":"https:\/\/www.difagri.fr\/en\/legal-information\/#breadcrumb"},"inLanguage":"en-US","potentialAction":[{"@type":"ReadAction","target":["https:\/\/www.difagri.fr\/en\/legal-information\/"]}]},{"@type":"BreadcrumbList","@id":"https:\/\/www.difagri.fr\/en\/legal-information\/#breadcrumb","itemListElement":[{"@type":"ListItem","position":1,"name":"Accueil","item":"https:\/\/www.difagri.fr\/en\/"},{"@type":"ListItem","position":2,"name":"Legal information"}]},{"@type":"WebSite","@id":"https:\/\/www.difagri.fr\/en\/#website","url":"https:\/\/www.difagri.fr\/en\/","name":"Difagri","description":"","publisher":{"@id":"https:\/\/www.difagri.fr\/en\/#organization"},"potentialAction":[{"@type":"SearchAction","target":{"@type":"EntryPoint","urlTemplate":"https:\/\/www.difagri.fr\/en\/?s={search_term_string}"},"query-input":{"@type":"PropertyValueSpecification","valueRequired":true,"valueName":"search_term_string"}}],"inLanguage":"en-US"},{"@type":"Organization","@id":"https:\/\/www.difagri.fr\/en\/#organization","name":"Difagri","url":"https:\/\/www.difagri.fr\/en\/","logo":{"@type":"ImageObject","inLanguage":"en-US","@id":"https:\/\/www.difagri.fr\/en\/#\/schema\/logo\/image\/","url":"https:\/\/www.difagri.fr\/wp-content\/uploads\/2025\/06\/cropped-difagri-sans-base-line-3.png","contentUrl":"https:\/\/www.difagri.fr\/wp-content\/uploads\/2025\/06\/cropped-difagri-sans-base-line-3.png","width":227,"height":67,"caption":"Difagri"},"image":{"@id":"https:\/\/www.difagri.fr\/en\/#\/schema\/logo\/image\/"}}]}},"_links":{"self":[{"href":"https:\/\/www.difagri.fr\/en\/wp-json\/wp\/v2\/pages\/4374","targetHints":{"allow":["GET"]}}],"collection":[{"href":"https:\/\/www.difagri.fr\/en\/wp-json\/wp\/v2\/pages"}],"about":[{"href":"https:\/\/www.difagri.fr\/en\/wp-json\/wp\/v2\/types\/page"}],"author":[{"embeddable":true,"href":"https:\/\/www.difagri.fr\/en\/wp-json\/wp\/v2\/users\/1"}],"replies":[{"embeddable":true,"href":"https:\/\/www.difagri.fr\/en\/wp-json\/wp\/v2\/comments?post=4374"}],"version-history":[{"count":4,"href":"https:\/\/www.difagri.fr\/en\/wp-json\/wp\/v2\/pages\/4374\/revisions"}],"predecessor-version":[{"id":4977,"href":"https:\/\/www.difagri.fr\/en\/wp-json\/wp\/v2\/pages\/4374\/revisions\/4977"}],"wp:attachment":[{"href":"https:\/\/www.difagri.fr\/en\/wp-json\/wp\/v2\/media?parent=4374"}],"curies":[{"name":"wp","href":"https:\/\/api.w.org\/{rel}","templated":true}]}}